{"id":3903,"date":"2022-04-20T12:24:33","date_gmt":"2022-04-20T10:24:33","guid":{"rendered":"https:\/\/www.sanabay.com\/?post_type=product&#038;p=3903"},"modified":"2024-02-07T00:04:21","modified_gmt":"2024-02-06T23:04:21","slug":"lucie-copie-copie-copie-copie-copie-copie-copie-copie-copie-copie-copie-copie-copie","status":"publish","type":"product","link":"https:\/\/www.sanabay.com\/en\/produit\/lucie-copie-copie-copie-copie-copie-copie-copie-copie-copie-copie-copie-copie-copie\/","title":{"rendered":"Rosalie"},"content":{"rendered":"<p style=\"font-weight: 400;\">Fall for the vintage look of the Rosalie raffia capeline hat to bring a 70\u2019s accent to any silhouette. Summon the bohemian woman within you with this openwork hat. It is the ideal woman\u2019s hat: chic hat with a sophisticated outfit or beach hat for casual summer look. Elegant and practical, this natural raffia hat is a wide-brimmed capeline that will protect you from the sun and the prying eyes. This soft raffia capeline will be THE summer hat and your best ally! Discover our other <a href=\"https:\/\/www.sanabay.com\/?s=hat&amp;post_type=product&amp;lang=en\">hat models<\/a>!<\/p>\n","protected":false},"excerpt":{"rendered":"<ul>\n<li>Length 8 cm<\/li>\n<li>Hand crocheted<\/li>\n<li>Natural raffia<\/li>\n<li>Unlined<\/li>\n<\/ul>\n","protected":false},"featured_media":3921,"template":"","meta":{"_acf_changed":false},"product_cat":[72,76,78],"product_tag":[84],"class_list":{"0":"post-3903","1":"product","2":"type-product","3":"status-publish","4":"has-post-thumbnail","6":"product_cat-all-new-hats","7":"product_cat-new-in","8":"product_cat-all-new-collections","9":"product_tag-neo-bourgeoisie-en","11":"first","12":"instock","13":"featured","14":"taxable","15":"shipping-taxable","16":"purchasable","17":"product-type-simple"},"acf":[],"yoast_head":"<!-- This site is optimized with the Yoast SEO plugin v23.1 - https:\/\/yoast.com\/wordpress\/plugins\/seo\/ -->\n<title>Rosalie - Sanabay<\/title>\n<meta name=\"description\" content=\"Fall for our raffia capeline hat with its irresistible 70\u2019s touch and summon the boho woman within you. Get yours now!\" \/>\n<meta name=\"robots\" content=\"index, follow, max-snippet:-1, max-image-preview:large, max-video-preview:-1\" \/>\n<link rel=\"canonical\" href=\"https:\/\/www.sanabay.com\/en\/produit\/lucie-copie-copie-copie-copie-copie-copie-copie-copie-copie-copie-copie-copie-copie\/\" \/>\n<meta property=\"og:locale\" content=\"en_US\" \/>\n<meta property=\"og:type\" content=\"article\" \/>\n<meta property=\"og:title\" content=\"Rosalie - Sanabay\" \/>\n<meta property=\"og:description\" content=\"Fall for our raffia capeline hat with its irresistible 70\u2019s touch and summon the boho woman within you. Get yours now!\" \/>\n<meta property=\"og:url\" content=\"https:\/\/www.sanabay.com\/en\/produit\/lucie-copie-copie-copie-copie-copie-copie-copie-copie-copie-copie-copie-copie-copie\/\" \/>\n<meta property=\"og:site_name\" content=\"Sanabay\" \/>\n<meta property=\"article:publisher\" content=\"https:\/\/www.facebook.com\/sanabayparis\/\" \/>\n<meta property=\"article:modified_time\" content=\"2024-02-06T23:04:21+00:00\" \/>\n<meta property=\"og:image\" content=\"https:\/\/www.sanabay.com\/wp-content\/uploads\/2022\/04\/Blank-812-x-1096.png\" \/>\n\t<meta property=\"og:image:width\" content=\"812\" \/>\n\t<meta property=\"og:image:height\" content=\"1096\" \/>\n\t<meta property=\"og:image:type\" content=\"image\/png\" \/>\n<meta name=\"twitter:card\" content=\"summary_large_image\" \/>\n<meta name=\"twitter:label1\" content=\"Est. reading time\" \/>\n\t<meta name=\"twitter:data1\" content=\"1 minute\" \/>\n<script type=\"application\/ld+json\" class=\"yoast-schema-graph\">{\"@context\":\"https:\/\/schema.org\",\"@graph\":[{\"@type\":\"WebPage\",\"@id\":\"https:\/\/www.sanabay.com\/en\/produit\/lucie-copie-copie-copie-copie-copie-copie-copie-copie-copie-copie-copie-copie-copie\/\",\"url\":\"https:\/\/www.sanabay.com\/en\/produit\/lucie-copie-copie-copie-copie-copie-copie-copie-copie-copie-copie-copie-copie-copie\/\",\"name\":\"Rosalie - Sanabay\",\"isPartOf\":{\"@id\":\"https:\/\/www.sanabay.com\/en\/#website\"},\"primaryImageOfPage\":{\"@id\":\"https:\/\/www.sanabay.com\/en\/produit\/lucie-copie-copie-copie-copie-copie-copie-copie-copie-copie-copie-copie-copie-copie\/#primaryimage\"},\"image\":{\"@id\":\"https:\/\/www.sanabay.com\/en\/produit\/lucie-copie-copie-copie-copie-copie-copie-copie-copie-copie-copie-copie-copie-copie\/#primaryimage\"},\"thumbnailUrl\":\"https:\/\/www.sanabay.com\/wp-content\/uploads\/2022\/04\/Blank-812-x-1096.png\",\"datePublished\":\"2022-04-20T10:24:33+00:00\",\"dateModified\":\"2024-02-06T23:04:21+00:00\",\"description\":\"Fall for our raffia capeline hat with its irresistible 70\u2019s touch and summon the boho woman within you. Get yours now!\",\"breadcrumb\":{\"@id\":\"https:\/\/www.sanabay.com\/en\/produit\/lucie-copie-copie-copie-copie-copie-copie-copie-copie-copie-copie-copie-copie-copie\/#breadcrumb\"},\"inLanguage\":\"en-US\",\"potentialAction\":[{\"@type\":\"ReadAction\",\"target\":[\"https:\/\/www.sanabay.com\/en\/produit\/lucie-copie-copie-copie-copie-copie-copie-copie-copie-copie-copie-copie-copie-copie\/\"]}]},{\"@type\":\"ImageObject\",\"inLanguage\":\"en-US\",\"@id\":\"https:\/\/www.sanabay.com\/en\/produit\/lucie-copie-copie-copie-copie-copie-copie-copie-copie-copie-copie-copie-copie-copie\/#primaryimage\",\"url\":\"https:\/\/www.sanabay.com\/wp-content\/uploads\/2022\/04\/Blank-812-x-1096.png\",\"contentUrl\":\"https:\/\/www.sanabay.com\/wp-content\/uploads\/2022\/04\/Blank-812-x-1096.png\",\"width\":812,\"height\":1096,\"caption\":\"Chapeau d'\u00e9t\u00e9 pratique et \u00e9l\u00e9gant imagin\u00e9 par SANABAY\u00a0\"},{\"@type\":\"BreadcrumbList\",\"@id\":\"https:\/\/www.sanabay.com\/en\/produit\/lucie-copie-copie-copie-copie-copie-copie-copie-copie-copie-copie-copie-copie-copie\/#breadcrumb\",\"itemListElement\":[{\"@type\":\"ListItem\",\"position\":1,\"name\":\"Accueil\",\"item\":\"https:\/\/www.sanabay.com\/en\/?lang=en\"},{\"@type\":\"ListItem\",\"position\":2,\"name\":\"E-shop\",\"item\":\"https:\/\/www.sanabay.com\/e-shop\/?lang=en\"},{\"@type\":\"ListItem\",\"position\":3,\"name\":\"Rosalie\"}]},{\"@type\":\"WebSite\",\"@id\":\"https:\/\/www.sanabay.com\/en\/#website\",\"url\":\"https:\/\/www.sanabay.com\/en\/\",\"name\":\"Sanabay\",\"description\":\"#TrustYourNature\",\"publisher\":{\"@id\":\"https:\/\/www.sanabay.com\/en\/#organization\"},\"potentialAction\":[{\"@type\":\"SearchAction\",\"target\":{\"@type\":\"EntryPoint\",\"urlTemplate\":\"https:\/\/www.sanabay.com\/en\/?s={search_term_string}\"},\"query-input\":\"required name=search_term_string\"}],\"inLanguage\":\"en-US\"},{\"@type\":\"Organization\",\"@id\":\"https:\/\/www.sanabay.com\/en\/#organization\",\"name\":\"Sanabay Paris\",\"url\":\"https:\/\/www.sanabay.com\/en\/\",\"logo\":{\"@type\":\"ImageObject\",\"inLanguage\":\"en-US\",\"@id\":\"https:\/\/www.sanabay.com\/en\/#\/schema\/logo\/image\/\",\"url\":\"https:\/\/www.sanabay.com\/wp-content\/uploads\/2020\/11\/Sanabay-Logo.png\",\"contentUrl\":\"https:\/\/www.sanabay.com\/wp-content\/uploads\/2020\/11\/Sanabay-Logo.png\",\"width\":750,\"height\":330,\"caption\":\"Sanabay Paris\"},\"image\":{\"@id\":\"https:\/\/www.sanabay.com\/en\/#\/schema\/logo\/image\/\"},\"sameAs\":[\"https:\/\/www.facebook.com\/sanabayparis\/\",\"https:\/\/www.instagram.com\/sanabayparis\/\"]}]}<\/script>\n<!-- \/ Yoast SEO plugin. -->","yoast_head_json":{"title":"Rosalie - Sanabay","description":"Fall for our raffia capeline hat with its irresistible 70\u2019s touch and summon the boho woman within you. Get yours now!","robots":{"index":"index","follow":"follow","max-snippet":"max-snippet:-1","max-image-preview":"max-image-preview:large","max-video-preview":"max-video-preview:-1"},"canonical":"https:\/\/www.sanabay.com\/en\/produit\/lucie-copie-copie-copie-copie-copie-copie-copie-copie-copie-copie-copie-copie-copie\/","og_locale":"en_US","og_type":"article","og_title":"Rosalie - Sanabay","og_description":"Fall for our raffia capeline hat with its irresistible 70\u2019s touch and summon the boho woman within you. Get yours now!","og_url":"https:\/\/www.sanabay.com\/en\/produit\/lucie-copie-copie-copie-copie-copie-copie-copie-copie-copie-copie-copie-copie-copie\/","og_site_name":"Sanabay","article_publisher":"https:\/\/www.facebook.com\/sanabayparis\/","article_modified_time":"2024-02-06T23:04:21+00:00","og_image":[{"width":812,"height":1096,"url":"https:\/\/www.sanabay.com\/wp-content\/uploads\/2022\/04\/Blank-812-x-1096.png","type":"image\/png"}],"twitter_card":"summary_large_image","twitter_misc":{"Est. reading time":"1 minute"},"schema":{"@context":"https:\/\/schema.org","@graph":[{"@type":"WebPage","@id":"https:\/\/www.sanabay.com\/en\/produit\/lucie-copie-copie-copie-copie-copie-copie-copie-copie-copie-copie-copie-copie-copie\/","url":"https:\/\/www.sanabay.com\/en\/produit\/lucie-copie-copie-copie-copie-copie-copie-copie-copie-copie-copie-copie-copie-copie\/","name":"Rosalie - Sanabay","isPartOf":{"@id":"https:\/\/www.sanabay.com\/en\/#website"},"primaryImageOfPage":{"@id":"https:\/\/www.sanabay.com\/en\/produit\/lucie-copie-copie-copie-copie-copie-copie-copie-copie-copie-copie-copie-copie-copie\/#primaryimage"},"image":{"@id":"https:\/\/www.sanabay.com\/en\/produit\/lucie-copie-copie-copie-copie-copie-copie-copie-copie-copie-copie-copie-copie-copie\/#primaryimage"},"thumbnailUrl":"https:\/\/www.sanabay.com\/wp-content\/uploads\/2022\/04\/Blank-812-x-1096.png","datePublished":"2022-04-20T10:24:33+00:00","dateModified":"2024-02-06T23:04:21+00:00","description":"Fall for our raffia capeline hat with its irresistible 70\u2019s touch and summon the boho woman within you. Get yours now!","breadcrumb":{"@id":"https:\/\/www.sanabay.com\/en\/produit\/lucie-copie-copie-copie-copie-copie-copie-copie-copie-copie-copie-copie-copie-copie\/#breadcrumb"},"inLanguage":"en-US","potentialAction":[{"@type":"ReadAction","target":["https:\/\/www.sanabay.com\/en\/produit\/lucie-copie-copie-copie-copie-copie-copie-copie-copie-copie-copie-copie-copie-copie\/"]}]},{"@type":"ImageObject","inLanguage":"en-US","@id":"https:\/\/www.sanabay.com\/en\/produit\/lucie-copie-copie-copie-copie-copie-copie-copie-copie-copie-copie-copie-copie-copie\/#primaryimage","url":"https:\/\/www.sanabay.com\/wp-content\/uploads\/2022\/04\/Blank-812-x-1096.png","contentUrl":"https:\/\/www.sanabay.com\/wp-content\/uploads\/2022\/04\/Blank-812-x-1096.png","width":812,"height":1096,"caption":"Chapeau d'\u00e9t\u00e9 pratique et \u00e9l\u00e9gant imagin\u00e9 par SANABAY\u00a0"},{"@type":"BreadcrumbList","@id":"https:\/\/www.sanabay.com\/en\/produit\/lucie-copie-copie-copie-copie-copie-copie-copie-copie-copie-copie-copie-copie-copie\/#breadcrumb","itemListElement":[{"@type":"ListItem","position":1,"name":"Accueil","item":"https:\/\/www.sanabay.com\/en\/?lang=en"},{"@type":"ListItem","position":2,"name":"E-shop","item":"https:\/\/www.sanabay.com\/e-shop\/?lang=en"},{"@type":"ListItem","position":3,"name":"Rosalie"}]},{"@type":"WebSite","@id":"https:\/\/www.sanabay.com\/en\/#website","url":"https:\/\/www.sanabay.com\/en\/","name":"Sanabay","description":"#TrustYourNature","publisher":{"@id":"https:\/\/www.sanabay.com\/en\/#organization"},"potentialAction":[{"@type":"SearchAction","target":{"@type":"EntryPoint","urlTemplate":"https:\/\/www.sanabay.com\/en\/?s={search_term_string}"},"query-input":"required name=search_term_string"}],"inLanguage":"en-US"},{"@type":"Organization","@id":"https:\/\/www.sanabay.com\/en\/#organization","name":"Sanabay Paris","url":"https:\/\/www.sanabay.com\/en\/","logo":{"@type":"ImageObject","inLanguage":"en-US","@id":"https:\/\/www.sanabay.com\/en\/#\/schema\/logo\/image\/","url":"https:\/\/www.sanabay.com\/wp-content\/uploads\/2020\/11\/Sanabay-Logo.png","contentUrl":"https:\/\/www.sanabay.com\/wp-content\/uploads\/2020\/11\/Sanabay-Logo.png","width":750,"height":330,"caption":"Sanabay Paris"},"image":{"@id":"https:\/\/www.sanabay.com\/en\/#\/schema\/logo\/image\/"},"sameAs":["https:\/\/www.facebook.com\/sanabayparis\/","https:\/\/www.instagram.com\/sanabayparis\/"]}]}},"_links":{"self":[{"href":"https:\/\/www.sanabay.com\/en\/wp-json\/wp\/v2\/product\/3903"}],"collection":[{"href":"https:\/\/www.sanabay.com\/en\/wp-json\/wp\/v2\/product"}],"about":[{"href":"https:\/\/www.sanabay.com\/en\/wp-json\/wp\/v2\/types\/product"}],"wp:featuredmedia":[{"embeddable":true,"href":"https:\/\/www.sanabay.com\/en\/wp-json\/wp\/v2\/media\/3921"}],"wp:attachment":[{"href":"https:\/\/www.sanabay.com\/en\/wp-json\/wp\/v2\/media?parent=3903"}],"wp:term":[{"taxonomy":"product_cat","embeddable":true,"href":"https:\/\/www.sanabay.com\/en\/wp-json\/wp\/v2\/product_cat?post=3903"},{"taxonomy":"product_tag","embeddable":true,"href":"https:\/\/www.sanabay.com\/en\/wp-json\/wp\/v2\/product_tag?post=3903"}],"curies":[{"name":"wp","href":"https:\/\/api.w.org\/{rel}","templated":true}]}}